{"id":772,"date":"2024-09-12T11:11:01","date_gmt":"2024-09-12T11:11:01","guid":{"rendered":"https:\/\/faadcapitaltrust.pro\/economic-calendar"},"modified":"2025-03-16T18:00:33","modified_gmt":"2025-03-16T18:00:33","slug":"economic-calendar","status":"publish","type":"page","link":"https:\/\/faadcapitaltrust.pro\/fr\/economic-calendar","title":{"rendered":"Calendrier \u00e9conomique"},"content":{"rendered":"\t\t<div data-elementor-type=\"wp-page\" data-elementor-id=\"772\" class=\"elementor elementor-772\" data-elementor-settings=\"{&quot;element_pack_global_tooltip_width&quot;:{&quot;unit&quot;:&quot;px&quot;,&quot;size&quot;:&quot;&quot;,&quot;sizes&quot;:[]},&quot;element_pack_global_tooltip_width_tablet&quot;:{&quot;unit&quot;:&quot;px&quot;,&quot;size&quot;:&quot;&quot;,&quot;sizes&quot;:[]},&quot;element_pack_global_tooltip_width_mobile&quot;:{&quot;unit&quot;:&quot;px&quot;,&quot;size&quot;:&quot;&quot;,&quot;sizes&quot;:[]},&quot;element_pack_global_tooltip_padding&quot;:{&quot;unit&quot;:&quot;px&quot;,&quot;top&quot;:&quot;&quot;,&quot;right&quot;:&quot;&quot;,&quot;bottom&quot;:&quot;&quot;,&quot;left&quot;:&quot;&quot;,&quot;isLinked&quot;:true},&quot;element_pack_global_tooltip_padding_tablet&quot;:{&quot;unit&quot;:&quot;px&quot;,&quot;top&quot;:&quot;&quot;,&quot;right&quot;:&quot;&quot;,&quot;bottom&quot;:&quot;&quot;,&quot;left&quot;:&quot;&quot;,&quot;isLinked&quot;:true},&quot;element_pack_global_tooltip_padding_mobile&quot;:{&quot;unit&quot;:&quot;px&quot;,&quot;top&quot;:&quot;&quot;,&quot;right&quot;:&quot;&quot;,&quot;bottom&quot;:&quot;&quot;,&quot;left&quot;:&quot;&quot;,&quot;isLinked&quot;:true},&quot;element_pack_global_tooltip_border_radius&quot;:{&quot;unit&quot;:&quot;px&quot;,&quot;top&quot;:&quot;&quot;,&quot;right&quot;:&quot;&quot;,&quot;bottom&quot;:&quot;&quot;,&quot;left&quot;:&quot;&quot;,&quot;isLinked&quot;:true},&quot;element_pack_global_tooltip_border_radius_tablet&quot;:{&quot;unit&quot;:&quot;px&quot;,&quot;top&quot;:&quot;&quot;,&quot;right&quot;:&quot;&quot;,&quot;bottom&quot;:&quot;&quot;,&quot;left&quot;:&quot;&quot;,&quot;isLinked&quot;:true},&quot;element_pack_global_tooltip_border_radius_mobile&quot;:{&quot;unit&quot;:&quot;px&quot;,&quot;top&quot;:&quot;&quot;,&quot;right&quot;:&quot;&quot;,&quot;bottom&quot;:&quot;&quot;,&quot;left&quot;:&quot;&quot;,&quot;isLinked&quot;:true}}\" data-elementor-post-type=\"page\">\n\t\t\t\t\t\t<div class=\"elementor-section elementor-top-section elementor-element elementor-element-6fe6631 elementor-section-boxed elementor-section-height-default elementor-section-height-default elementor-invisible\" data-id=\"6fe6631\" data-element_type=\"section\" data-settings=\"{&quot;animation&quot;:&quot;zoomOutUp&quot;}\">\n\t\t\t\t\t\t<div class=\"elementor-container elementor-column-gap-default\">\n\t\t\t\t\t<div class=\"elementor-column elementor-col-100 elementor-top-column elementor-element elementor-element-a7f65ca\" data-id=\"a7f65ca\" data-element_type=\"column\">\n\t\t\t<div class=\"elementor-widget-wrap elementor-element-populated\">\n\t\t\t\t\t\t<div class=\"elementor-section elementor-inner-section elementor-element elementor-element-2620dbd elementor-section-boxed elementor-section-height-default elementor-section-height-default\" data-id=\"2620dbd\" data-element_type=\"section\" data-settings=\"{&quot;background_background&quot;:&quot;classic&quot;}\">\n\t\t\t\t\t\t\t<div class=\"elementor-background-overlay\"><\/div>\n\t\t\t\t\t\t\t<div class=\"elementor-container elementor-column-gap-default\">\n\t\t\t\t\t<div class=\"elementor-column elementor-col-50 elementor-inner-column elementor-element elementor-element-bb4dc27\" data-id=\"bb4dc27\" data-element_type=\"column\">\n\t\t\t<div class=\"elementor-widget-wrap elementor-element-populated\">\n\t\t\t\t\t\t<div class=\"elementor-element elementor-element-935f80d elementor-widget__width-auto bdt-content-position--left elementor-widget elementor-widget-bdt-fancy-list\" data-id=\"935f80d\" data-element_type=\"widget\" data-widget_type=\"bdt-fancy-list.default\">\n\t\t\t\t<div class=\"elementor-widget-container\">\n\t\t\t\t\t<div class=\"bdt-fancy-list bdt-fancy-list-style-1\">\n\t\t\t<ul class=\"bdt-list bdt-fancy-list-group\" class=\"bdt-fancy-list-icon\">\n\t\t\t\t\t\t\t\t\t<li>\n\t\t\t\t\t\t<div class=\"bdt-fancy-list-wrap\">\t\t\t\t\t\t<div class=\"bdt-flex flex-wrap\">\n\t\t\t\t\t\t\t\t\t\t\t\t\t\t\t\t\t\t\t\t\t<div class=\"bdt-fancy-list-content\">\n\t\t\t\t\t\t\t\t<h4\t\t\t\t\t\t\t\t\tclass=\"bdt-fancy-list-title\">\n\t\t\t\t\t\t\t\t\tAnalytique\t\t\t\t\t\t\t\t<\/h4>\n\t\t\t\t\t\t\t\t<p class=\"bdt-fancy-list-text\">\n\t\t\t\t\t\t\t\t\t\t\t\t\t\t\t\t\t<\/p>\n\t\t\t\t\t\t\t<\/div>\n\t\t\t\t\t\t\t\t\t\t\t\t\t<\/div>\n\t\t\t\t\t\t\t\t\t\t<\/div>\n\t\t\t\t\t\t<\/li>\n\t\t\t\t<\/ul>\n\t\t<\/div>\n\t\t\t\t<\/div>\n\t\t\t\t<\/div>\n\t\t\t\t<div class=\"elementor-element elementor-element-d68d3c9 elementor-widget elementor-widget-spacer\" data-id=\"d68d3c9\" data-element_type=\"widget\" data-widget_type=\"spacer.default\">\n\t\t\t\t<div class=\"elementor-widget-container\">\n\t\t\t<style>\/*! elementor - v3.23.0 - 05-08-2024 *\/\n.elementor-column .elementor-spacer-inner{height:var(--spacer-size)}.e-con{--container-widget-width:100%}.e-con-inner>.elementor-widget-spacer,.e-con>.elementor-widget-spacer{width:var(--container-widget-width,var(--spacer-size));--align-self:var(--container-widget-align-self,initial);--flex-shrink:0}.e-con-inner>.elementor-widget-spacer>.elementor-widget-container,.e-con>.elementor-widget-spacer>.elementor-widget-container{height:100%;width:100%}.e-con-inner>.elementor-widget-spacer>.elementor-widget-container>.elementor-spacer,.e-con>.elementor-widget-spacer>.elementor-widget-container>.elementor-spacer{height:100%}.e-con-inner>.elementor-widget-spacer>.elementor-widget-container>.elementor-spacer>.elementor-spacer-inner,.e-con>.elementor-widget-spacer>.elementor-widget-container>.elementor-spacer>.elementor-spacer-inner{height:var(--container-widget-height,var(--spacer-size))}.e-con-inner>.elementor-widget-spacer.elementor-widget-empty,.e-con>.elementor-widget-spacer.elementor-widget-empty{position:relative;min-height:22px;min-width:22px}.e-con-inner>.elementor-widget-spacer.elementor-widget-empty .elementor-widget-empty-icon,.e-con>.elementor-widget-spacer.elementor-widget-empty .elementor-widget-empty-icon{position:absolute;top:0;bottom:0;left:0;right:0;margin:auto;padding:0;width:22px;height:22px}<\/style>\t\t<div class=\"elementor-spacer\">\r\n\t\t\t<div class=\"elementor-spacer-inner\"><\/div>\r\n\t\t<\/div>\r\n\t\t\t\t<\/div>\n\t\t\t\t<\/div>\n\t\t\t\t<div class=\"elementor-element elementor-element-21f5989 elementor-widget-tablet__width-initial elementor-widget-mobile__width-inherit ui-e-a-animate elementor-widget elementor-widget-highlighted-text\" data-id=\"21f5989\" data-element_type=\"widget\" data-widget_type=\"highlighted-text.default\">\n\t\t\t\t<div class=\"elementor-widget-container\">\n\t\t\t\t\t<h1 class=\"ui-e--highlighted-text\" >\r\n        <span class=\"ui-e-headline-text elementor-repeater-item-4e9a18a\">Calendrier \u00e9conomique<\/span>        <\/h1>\r\n        \t\t<\/div>\n\t\t\t\t<\/div>\n\t\t\t\t<div class=\"elementor-element elementor-element-816cd4e elementor-widget-tablet__width-initial elementor-widget-mobile__width-inherit elementor-widget elementor-widget-text-editor\" data-id=\"816cd4e\" data-element_type=\"widget\" data-widget_type=\"text-editor.default\">\n\t\t\t\t<div class=\"elementor-widget-container\">\n\t\t\t<style>\/*! elementor - v3.23.0 - 05-08-2024 *\/\n.elementor-widget-text-editor.elementor-drop-cap-view-stacked .elementor-drop-cap{background-color:#69727d;color:#fff}.elementor-widget-text-editor.elementor-drop-cap-view-framed .elementor-drop-cap{color:#69727d;border:3px solid;background-color:transparent}.elementor-widget-text-editor:not(.elementor-drop-cap-view-default) .elementor-drop-cap{margin-top:8px}.elementor-widget-text-editor:not(.elementor-drop-cap-view-default) .elementor-drop-cap-letter{width:1em;height:1em}.elementor-widget-text-editor .elementor-drop-cap{float:left;text-align:center;line-height:1;font-size:50px}.elementor-widget-text-editor .elementor-drop-cap-letter{display:inline-block}<\/style>\t\t\t\tGardez une longueur d&rsquo;avance en vous tenant au courant des \u00e9v\u00e9nements importants. Analysez les nouvelles \u00e9conomiques susceptibles d&rsquo;affecter la dynamique du march\u00e9 et utilisez ces informations pour prendre des d\u00e9cisions en mati\u00e8re de trading. \u00c9valuez les \u00e9v\u00e9nements cl\u00e9s, tels que la publication d&rsquo;indicateurs macro\u00e9conomiques, les discours des dirigeants et les \u00e9v\u00e9nements mondiaux, pour mieux comprendre comment ils peuvent changer l&rsquo;orientation des cotations. Cette approche vous aidera non seulement \u00e0 pr\u00e9dire les mouvements du march\u00e9, mais \u00e9galement \u00e0 agir avec confiance, en trouvant les meilleures opportunit\u00e9s pour des transactions r\u00e9ussies.\t\t\t\t\t\t<\/div>\n\t\t\t\t<\/div>\n\t\t\t\t\t<\/div>\n\t\t<\/div>\n\t\t\t\t<div class=\"elementor-column elementor-col-50 elementor-inner-column elementor-element elementor-element-00c3931\" data-id=\"00c3931\" data-element_type=\"column\" data-settings=\"{&quot;background_background&quot;:&quot;classic&quot;}\">\n\t\t\t<div class=\"elementor-widget-wrap elementor-element-populated\">\n\t\t\t\t\t\t<div class=\"elementor-element elementor-element-c933ff3 elementor-widget elementor-widget-image\" data-id=\"c933ff3\" data-element_type=\"widget\" data-widget_type=\"image.default\">\n\t\t\t\t<div class=\"elementor-widget-container\">\n\t\t\t<style>\/*! elementor - v3.23.0 - 05-08-2024 *\/\n.elementor-widget-image{text-align:center}.elementor-widget-image a{display:inline-block}.elementor-widget-image a img[src$=\".svg\"]{width:48px}.elementor-widget-image img{vertical-align:middle;display:inline-block}<\/style>\t\t\t\t\t\t\t\t\t\t<img fetchpriority=\"high\" decoding=\"async\" width=\"884\" height=\"783\" src=\"https:\/\/faadcapitaltrust.pro\/wp-content\/uploads\/2024\/09\/Economic-calendar.png\" class=\"attachment-full size-full wp-image-593\" alt=\"\" srcset=\"https:\/\/faadcapitaltrust.pro\/wp-content\/uploads\/2024\/09\/Economic-calendar.png 884w, https:\/\/faadcapitaltrust.pro\/wp-content\/uploads\/2024\/09\/Economic-calendar-300x266.png 300w, https:\/\/faadcapitaltrust.pro\/wp-content\/uploads\/2024\/09\/Economic-calendar-768x680.png 768w, https:\/\/faadcapitaltrust.pro\/wp-content\/uploads\/2024\/09\/Economic-calendar-650x576.png 650w\" sizes=\"(max-width: 884px) 100vw, 884px\" \/>\t\t\t\t\t\t\t\t\t\t\t\t\t<\/div>\n\t\t\t\t<\/div>\n\t\t\t\t\t<\/div>\n\t\t<\/div>\n\t\t\t\t\t<\/div>\n\t\t<\/div>\n\t\t\t\t\t<\/div>\n\t\t<\/div>\n\t\t\t\t\t<\/div>\n\t\t<\/div>\n\t\t\t\t<div class=\"elementor-section elementor-top-section elementor-element elementor-element-18556fb elementor-section-boxed elementor-section-height-default elementor-section-height-default\" data-id=\"18556fb\" data-element_type=\"section\">\n\t\t\t\t\t\t<div class=\"elementor-container elementor-column-gap-default\">\n\t\t\t\t\t<div class=\"elementor-column elementor-col-33 elementor-top-column elementor-element elementor-element-53d54e2\" data-id=\"53d54e2\" data-element_type=\"column\">\n\t\t\t<div class=\"elementor-widget-wrap\">\n\t\t\t\t\t\t\t<\/div>\n\t\t<\/div>\n\t\t\t\t<div class=\"elementor-column elementor-col-33 elementor-top-column elementor-element elementor-element-5b65389\" data-id=\"5b65389\" data-element_type=\"column\" data-settings=\"{&quot;background_background&quot;:&quot;classic&quot;}\">\n\t\t\t<div class=\"elementor-widget-wrap elementor-element-populated\">\n\t\t\t\t\t<div class=\"elementor-background-overlay\"><\/div>\n\t\t\t\t\t\t<div class=\"elementor-element elementor-element-963264c elementor-widget elementor-widget-html\" data-id=\"963264c\" data-element_type=\"widget\" data-widget_type=\"html.default\">\n\t\t\t\t<div class=\"elementor-widget-container\">\n\t\t\t<!-- TradingView Widget BEGIN -->\n<div class=\"tradingview-widget-container\">\n  <div class=\"tradingview-widget-container__widget\"><\/div>\n\n  <script type=\"text\/javascript\" src=\"https:\/\/s3.tradingview.com\/external-embedding\/embed-widget-events.js\" async>\n  {\n  \"colorTheme\": \"dark\",\n  \"isTransparent\": true,\n  \"width\": \"100%\",\n  \"height\": \"600\",\n  \"locale\": \"en\",\n  \"importanceFilter\": \"-1,0,1\",\n  \"countryFilter\": \"ar,au,br,ca,cn,fr,de,in,id,it,jp,kr,mx,ru,sa,za,tr,gb,us,eu\"\n}\n  <\/script>\n<\/div><a href=\"\/\" class=\"brand-label\"><img decoding=\"async\" src=\"\/wp-content\/uploads\/2025\/03\/favicon.png\"\/><\/a>\n<!-- TradingView Widget END -->\t\t<\/div>\n\t\t\t\t<\/div>\n\t\t\t\t\t<\/div>\n\t\t<\/div>\n\t\t\t\t<div class=\"elementor-column elementor-col-33 elementor-top-column elementor-element elementor-element-77d9de1\" data-id=\"77d9de1\" data-element_type=\"column\">\n\t\t\t<div class=\"elementor-widget-wrap\">\n\t\t\t\t\t\t\t<\/div>\n\t\t<\/div>\n\t\t\t\t\t<\/div>\n\t\t<\/div>\n\t\t\t\t<\/div>\n\t\t","protected":false},"excerpt":{"rendered":"<p>Analytique Calendrier \u00e9conomique Gardez une longueur d&rsquo;avance en vous tenant au courant des \u00e9v\u00e9nements importants. Analysez les nouvelles \u00e9conomiques susceptibles d&rsquo;affecter la [&hellip;]<\/p>\n","protected":false},"author":3,"featured_media":0,"parent":0,"menu_order":0,"comment_status":"closed","ping_status":"closed","template":"","meta":{"footnotes":""},"class_list":["post-772","page","type-page","status-publish","hentry"],"_links":{"self":[{"href":"https:\/\/faadcapitaltrust.pro\/fr\/wp-json\/wp\/v2\/pages\/772"}],"collection":[{"href":"https:\/\/faadcapitaltrust.pro\/fr\/wp-json\/wp\/v2\/pages"}],"about":[{"href":"https:\/\/faadcapitaltrust.pro\/fr\/wp-json\/wp\/v2\/types\/page"}],"author":[{"embeddable":true,"href":"https:\/\/faadcapitaltrust.pro\/fr\/wp-json\/wp\/v2\/users\/3"}],"replies":[{"embeddable":true,"href":"https:\/\/faadcapitaltrust.pro\/fr\/wp-json\/wp\/v2\/comments?post=772"}],"version-history":[{"count":4,"href":"https:\/\/faadcapitaltrust.pro\/fr\/wp-json\/wp\/v2\/pages\/772\/revisions"}],"predecessor-version":[{"id":1035,"href":"https:\/\/faadcapitaltrust.pro\/fr\/wp-json\/wp\/v2\/pages\/772\/revisions\/1035"}],"wp:attachment":[{"href":"https:\/\/faadcapitaltrust.pro\/fr\/wp-json\/wp\/v2\/media?parent=772"}],"curies":[{"name":"wp","href":"https:\/\/api.w.org\/{rel}","templated":true}]}}